{"id":616,"date":"2024-08-10T05:50:11","date_gmt":"2024-08-10T05:50:11","guid":{"rendered":"https:\/\/www.arnwald.art\/?page_id=616"},"modified":"2025-02-10T09:56:14","modified_gmt":"2025-02-10T09:56:14","slug":"__trashed","status":"publish","type":"page","link":"https:\/\/www.arnwald.ovh\/en\/__trashed\/","title":{"rendered":"(Fran\u00e7ais) Nocturnes"},"content":{"rendered":"<p><a href=\"https:\/\/www.arnwald.ovh\/files\/2016\/10\/0001-arnaud-letellier-3321-1.jpg\"><img loading=\"lazy\" decoding=\"async\" class=\"alignnone size-full wp-image-580\" src=\"https:\/\/www.arnwald.ovh\/files\/2016\/10\/0001-arnaud-letellier-3321-1.jpg\" alt=\"0001-arnaud-letellier-3321\" width=\"1600\" height=\"1068\" srcset=\"https:\/\/www.arnwald.ovh\/files\/2016\/10\/0001-arnaud-letellier-3321-1.jpg 1600w, https:\/\/www.arnwald.ovh\/files\/2016\/10\/0001-arnaud-letellier-3321-1-300x200.jpg 300w, https:\/\/www.arnwald.ovh\/files\/2016\/10\/0001-arnaud-letellier-3321-1-1024x684.jpg 1024w, https:\/\/www.arnwald.ovh\/files\/2016\/10\/0001-arnaud-letellier-3321-1-575x384.jpg 575w, https:\/\/www.arnwald.ovh\/files\/2016\/10\/0001-arnaud-letellier-3321-1-800x534.jpg 800w, https:\/\/www.arnwald.ovh\/files\/2016\/10\/0001-arnaud-letellier-3321-1-850x567.jpg 850w\" sizes=\"auto, (max-width: 1600px) 100vw, 1600px\" \/><\/a>Quand tu dors, son appareil photo chante avec les \u00e9toiles<br \/>\nAu coeur de la nuit, drap\u00e9e de Goretex, elle peut tout affronter<br \/>\nCapturer la lumi\u00e8re magique, qui ne s&#8217;offre qu&#8217;aux explorateurs de la nuit<\/p>\n","protected":false},"excerpt":{"rendered":"<p>Quand tu dors, son appareil photo chante avec les \u00e9toiles Au coeur de la nuit, drap\u00e9e de Goretex, elle peut tout affronter Capturer la lumi\u00e8re magique, qui ne s&#8217;offre qu&#8217;aux explorateurs de la nuit<\/p>\n","protected":false},"author":1,"featured_media":0,"parent":0,"menu_order":0,"comment_status":"closed","ping_status":"closed","template":"","meta":{"footnotes":""},"class_list":["post-616","page","type-page","status-publish","hentry"],"aioseo_notices":[],"_links":{"self":[{"href":"https:\/\/www.arnwald.ovh\/en\/wp-json\/wp\/v2\/pages\/616","targetHints":{"allow":["GET"]}}],"collection":[{"href":"https:\/\/www.arnwald.ovh\/en\/wp-json\/wp\/v2\/pages"}],"about":[{"href":"https:\/\/www.arnwald.ovh\/en\/wp-json\/wp\/v2\/types\/page"}],"author":[{"embeddable":true,"href":"https:\/\/www.arnwald.ovh\/en\/wp-json\/wp\/v2\/users\/1"}],"replies":[{"embeddable":true,"href":"https:\/\/www.arnwald.ovh\/en\/wp-json\/wp\/v2\/comments?post=616"}],"version-history":[{"count":13,"href":"https:\/\/www.arnwald.ovh\/en\/wp-json\/wp\/v2\/pages\/616\/revisions"}],"predecessor-version":[{"id":983,"href":"https:\/\/www.arnwald.ovh\/en\/wp-json\/wp\/v2\/pages\/616\/revisions\/983"}],"wp:attachment":[{"href":"https:\/\/www.arnwald.ovh\/en\/wp-json\/wp\/v2\/media?parent=616"}],"curies":[{"name":"wp","href":"https:\/\/api.w.org\/{rel}","templated":true}]}}