{"id":894,"date":"2024-02-28T17:28:52","date_gmt":"2024-02-28T17:28:52","guid":{"rendered":"https:\/\/www.arnwald.art\/?page_id=894"},"modified":"2025-02-10T09:46:14","modified_gmt":"2025-02-10T09:46:14","slug":"un-regard","status":"publish","type":"page","link":"https:\/\/www.arnwald.ovh\/en\/un-regard\/","title":{"rendered":"Regarde"},"content":{"rendered":"\n<p>Dans un recoin du monde, zone blanche au gr\u00e8s des vents.<br>Une barre frisonne entre deux \u00e9clairs sur l&#8217;\u00e9cran de ton mobile<br>Vie de Roms d&#8217;une autre \u00e9poque, entre deux g\u00e9nocides nous trinquons \u00e0 votre sant\u00e9 mesdames, <br>Nous trinquons \u00e0 votre honneur messieurs,<br>Nous trinquons dans des calices de cristal de boh\u00e8me,<br>Entre plomb et poussi\u00e8re d&#8217;\u00e9toile, le jus de pomme coule \u00e0 flots.<br><br>Nous ne sommes rien et dans tous les cas finiront poussi\u00e8re.<br>Mais en attendant, nous dansons.<br>Pour certains nous sommes le sujet. Histoire de nos vies. <br>Vernissage au chaud un verre \u00e0 la main.<br>Autres mondes, autres temps. M\u00eame les paillettes finiront en poussi\u00e8re.<br><br>La libert\u00e9, aussi \u00e9ph\u00e9m\u00e8re soit elle, se d\u00e9guste en pleine nature.<br>La hache sculpte les corps, on se passe bien des r\u00e9seaux et des salles de sport.<br>Ici les photons flottent dans l&#8217;\u00e9ther, l&#8217;art est \u00e9ternel, et bient\u00f4t les flocons recouvrent nos pas.<br><br>Arnwald<\/p>\n\n\n\n<p><br><\/p>\n","protected":false},"excerpt":{"rendered":"<p>Dans un recoin du monde, zone blanche au gr\u00e8s des vents.Une barre frisonne entre deux \u00e9clairs sur l&#8217;\u00e9cran de ton mobileVie de Roms d&#8217;une autre \u00e9poque, entre deux g\u00e9nocides nous trinquons \u00e0 votre sant\u00e9 mesdames, Nous trinquons \u00e0 votre honneur messieurs,Nous trinquons dans des calices de cristal de boh\u00e8me,Entre plomb et poussi\u00e8re d&#8217;\u00e9toile, le jus [&hellip;]<\/p>\n","protected":false},"author":1,"featured_media":0,"parent":0,"menu_order":0,"comment_status":"closed","ping_status":"closed","template":"","meta":{"footnotes":""},"class_list":["post-894","page","type-page","status-publish","hentry"],"aioseo_notices":[],"_links":{"self":[{"href":"https:\/\/www.arnwald.ovh\/en\/wp-json\/wp\/v2\/pages\/894","targetHints":{"allow":["GET"]}}],"collection":[{"href":"https:\/\/www.arnwald.ovh\/en\/wp-json\/wp\/v2\/pages"}],"about":[{"href":"https:\/\/www.arnwald.ovh\/en\/wp-json\/wp\/v2\/types\/page"}],"author":[{"embeddable":true,"href":"https:\/\/www.arnwald.ovh\/en\/wp-json\/wp\/v2\/users\/1"}],"replies":[{"embeddable":true,"href":"https:\/\/www.arnwald.ovh\/en\/wp-json\/wp\/v2\/comments?post=894"}],"version-history":[{"count":26,"href":"https:\/\/www.arnwald.ovh\/en\/wp-json\/wp\/v2\/pages\/894\/revisions"}],"predecessor-version":[{"id":984,"href":"https:\/\/www.arnwald.ovh\/en\/wp-json\/wp\/v2\/pages\/894\/revisions\/984"}],"wp:attachment":[{"href":"https:\/\/www.arnwald.ovh\/en\/wp-json\/wp\/v2\/media?parent=894"}],"curies":[{"name":"wp","href":"https:\/\/api.w.org\/{rel}","templated":true}]}}